{"id":87251,"date":"2023-05-29T10:17:30","date_gmt":"2023-05-29T08:17:30","guid":{"rendered":"https:\/\/inmobiliariaorio.com\/comprometiso-social\/"},"modified":"2023-06-26T23:35:57","modified_gmt":"2023-06-26T21:35:57","slug":"konpromezu-soziala","status":"publish","type":"page","link":"https:\/\/inmobiliariaorio.com\/eu\/konpromezu-soziala\/","title":{"rendered":"Konpromezu soziala"},"content":{"rendered":"<div class=\"wpb-content-wrapper\"><p>[vc_row equal_height=&#8221;yes&#8221;][vc_column][vc_row_inner gap=&#8221;30&#8243;][vc_column_inner width=&#8221;1\/2&#8243;]<div id=\"ultimate-heading-780369e1ec6f053b4\" class=\"uvc-heading ult-adjust-bottom-margin ultimate-heading-780369e1ec6f053b4 uvc-8891  uvc-heading-default-font-sizes\" data-hspacer=\"no_spacer\"  data-halign=\"left\" style=\"text-align:left\"><div class=\"uvc-heading-spacer no_spacer\" style=\"top\"><\/div><div class=\"uvc-sub-heading ult-responsive\"  data-ultimate-target='.uvc-heading.ultimate-heading-780369e1ec6f053b4 .uvc-sub-heading '  data-responsive-json-new='{\"font-size\":\"\",\"line-height\":\"\"}'  style=\"font-weight:normal;margin-top:0px;\"><\/p>\n<h2>Konpromezu<br \/>\nsoziala<\/h2>\n<p><\/div><\/div>[\/vc_column_inner][vc_column_inner width=&#8221;1\/2&#8243;][vc_column_text]<\/p>\n<h4 style=\"text-align: justify;\">Inmobiliaria Orioren historia bere gizarte-lanari lotuta dago, hainbat ekitaldiren babeslea baita Urola Kostan, bereziki Zarautzen eta Orion.<\/h4>\n<p>[\/vc_column_text][\/vc_column_inner][\/vc_row_inner][\/vc_column][\/vc_row][vc_row][vc_column][vc_empty_space height=&#8221;50px&#8221;][\/vc_column][\/vc_row][vc_row][vc_column][vc_row_inner content_placement=&#8221;middle&#8221; gap=&#8221;30&#8243;][vc_column_inner width=&#8221;1\/2&#8243;][vc_column_text]<\/p>\n<p style=\"text-align: justify;\">Zarauzko futbol, eskubaloi, saskibaloi eta igeri taldeen laguntzaileak izan gara, Oroiko futbolarenak ere bai eta Zumaiko eskubaloiarenak. Zarauzko Jazza bezalako kultura-ekitaldien babesleak izan gara eta Zarauzko auzoetako jaietako laguntzaileak ere bai.<\/p>\n<p style=\"text-align: justify;\">Baina Inmobiliaria Orio ezaguna bada arraunari eman dion laguntzagatik eta babesagatik izan da. Orion sortutako enpresa denez, arraunari lotuta egon behar zuen, oriotar denok bihotzean baitaramagu.<\/p>\n<p>[\/vc_column_text][\/vc_column_inner][vc_column_inner width=&#8221;1\/2&#8243;][vc_single_image image=&#8221;87153&#8243; img_size=&#8221;full&#8221; alignment=&#8221;center&#8221; onclick=&#8221;link_image&#8221; el_class=&#8221;rounded&#8221;][\/vc_column_inner][\/vc_row_inner][\/vc_column][\/vc_row][vc_row][vc_column][vc_row_inner content_placement=&#8221;middle&#8221; gap=&#8221;30&#8243;][vc_column_inner width=&#8221;1\/2&#8243;][vc_single_image image=&#8221;87156&#8243; img_size=&#8221;full&#8221; alignment=&#8221;center&#8221; onclick=&#8221;link_image&#8221; el_class=&#8221;rounded&#8221;][\/vc_column_inner][vc_column_inner width=&#8221;1\/2&#8243;][vc_column_text]<\/p>\n<p style=\"text-align: justify;\">Inmobiliaria Oriorentzat arrauna izan da izarra, tradizioa handiko kirola, kultura, oso sustraitua eta bokazio handikoa Kantauri itsasertzean. 70eko hamarkada amaiera Zarauzko Udalak bere arraunketari garrantzia eman nahi izan zion eta 2 jardunalditan egitea planteatu zuen. Horretarako laguntzaile bat behar zuen eta Inmobiliaria Oriorekin harremanetan jarri zen. Inmobiliaria Orioren laguntzari esker, Zarautzen 2 jardunaldi izaten dira gaur egun eta Kontxako Banderaren atzetik estropadarik garrantzitsuena da.<\/p>\n<p>[\/vc_column_text][\/vc_column_inner][\/vc_row_inner][\/vc_column][\/vc_row][vc_row][vc_column][vc_row_inner content_placement=&#8221;middle&#8221; gap=&#8221;30&#8243;][vc_column_inner width=&#8221;1\/2&#8243;][vc_column_text]<\/p>\n<p style=\"text-align: justify;\">Zarauzko bandera finkatu zenean, Inmobiliaria Orio Zarauzko traineruari laguntzen hasi zen eta 2007an une gorena izan genuen, Zarautzek 4. postua lortu baitzuen Kontxako Banderan eta Act Ligako bandera bakarra ere urte horretan irabazi zuen, Zumaiakoa.<\/p>\n<p style=\"text-align: justify;\">Arraunaren arloan jarraituz, Orioko bandera 14 urtez babestu du Inmobiliaria Oriok.<\/p>\n<p>[\/vc_column_text][\/vc_column_inner][vc_column_inner width=&#8221;1\/2&#8243;][vc_single_image image=&#8221;87160&#8243; img_size=&#8221;full&#8221; alignment=&#8221;center&#8221; onclick=&#8221;link_image&#8221; el_class=&#8221;rounded&#8221;][\/vc_column_inner][\/vc_row_inner][\/vc_column][\/vc_row]<\/p>\n<\/div>","protected":false},"excerpt":{"rendered":"<p>[vc_row equal_height=&#8221;yes&#8221;][vc_column][vc_row_inner gap=&#8221;30&#8243;][vc_column_inner width=&#8221;1\/2&#8243;][\/vc_column_inner][vc_column_inner width=&#8221;1\/2&#8243;][vc_column_text] Inmobiliaria Orioren historia bere gizarte-lanari lotuta dago, hainbat ekitaldiren babeslea baita Urola Kostan, bereziki Zarautzen eta Orion. [\/vc_column_text][\/vc_column_inner][\/vc_row_inner][\/vc_column][\/vc_row][vc_row][vc_column][vc_empty_space height=&#8221;50px&#8221;][\/vc_column][\/vc_row][vc_row][vc_column][vc_row_inner content_placement=&#8221;middle&#8221; gap=&#8221;30&#8243;][vc_column_inner width=&#8221;1\/2&#8243;][vc_column_text] Zarauzko futbol, eskubaloi, saskibaloi eta igeri taldeen laguntzaileak izan gara, Oroiko futbolarenak ere bai eta Zumaiko eskubaloiarenak. Zarauzko Jazza bezalako kultura-ekitaldien babesleak izan gara eta Zarauzko auzoetako jaietako&hellip;<\/p>\n","protected":false},"author":2,"featured_media":0,"parent":0,"menu_order":30,"comment_status":"closed","ping_status":"closed","template":"","meta":{"_monsterinsights_skip_tracking":false,"_monsterinsights_sitenote_active":false,"_monsterinsights_sitenote_note":"","_monsterinsights_sitenote_category":0,"footnotes":""},"class_list":["post-87251","page","type-page","status-publish","hentry","description-off"],"yoast_head":"<!-- This site is optimized with the Yoast SEO plugin v26.1.1 - https:\/\/yoast.com\/wordpress\/plugins\/seo\/ -->\n<title>Konpromezu soziala - Inmobiliara Orio<\/title>\n<meta name=\"robots\" content=\"index, follow, max-snippet:-1, max-image-preview:large, max-video-preview:-1\" \/>\n<link rel=\"canonical\" href=\"https:\/\/inmobiliariaorio.com\/eu\/konpromezu-soziala\/\" \/>\n<meta property=\"og:locale\" content=\"eu_ES\" \/>\n<meta property=\"og:type\" content=\"article\" \/>\n<meta property=\"og:title\" content=\"Konpromezu soziala - Inmobiliara Orio\" \/>\n<meta property=\"og:description\" content=\"[vc_row equal_height=&#8221;yes&#8221;][vc_column][vc_row_inner gap=&#8221;30&#8243;][vc_column_inner width=&#8221;1\/2&#8243;][\/vc_column_inner][vc_column_inner width=&#8221;1\/2&#8243;][vc_column_text] Inmobiliaria Orioren historia bere gizarte-lanari lotuta dago, hainbat ekitaldiren babeslea baita Urola Kostan, bereziki Zarautzen eta Orion. [\/vc_column_text][\/vc_column_inner][\/vc_row_inner][\/vc_column][\/vc_row][vc_row][vc_column][vc_empty_space height=&#8221;50px&#8221;][\/vc_column][\/vc_row][vc_row][vc_column][vc_row_inner content_placement=&#8221;middle&#8221; gap=&#8221;30&#8243;][vc_column_inner width=&#8221;1\/2&#8243;][vc_column_text] Zarauzko futbol, eskubaloi, saskibaloi eta igeri taldeen laguntzaileak izan gara, Oroiko futbolarenak ere bai eta Zumaiko eskubaloiarenak. Zarauzko Jazza bezalako kultura-ekitaldien babesleak izan gara eta Zarauzko auzoetako jaietako&hellip;\" \/>\n<meta property=\"og:url\" content=\"https:\/\/inmobiliariaorio.com\/eu\/konpromezu-soziala\/\" \/>\n<meta property=\"og:site_name\" content=\"Inmobiliara Orio\" \/>\n<meta property=\"article:publisher\" content=\"https:\/\/www.facebook.com\/inmobiliariaOrio\/\" \/>\n<meta property=\"article:modified_time\" content=\"2023-06-26T21:35:57+00:00\" \/>\n<meta name=\"twitter:card\" content=\"summary_large_image\" \/>\n<meta name=\"twitter:label1\" content=\"Est. reading time\" \/>\n\t<meta name=\"twitter:data1\" content=\"2 minutes\" \/>\n<script type=\"application\/ld+json\" class=\"yoast-schema-graph\">{\"@context\":\"https:\/\/schema.org\",\"@graph\":[{\"@type\":\"WebPage\",\"@id\":\"https:\/\/inmobiliariaorio.com\/eu\/konpromezu-soziala\/\",\"url\":\"https:\/\/inmobiliariaorio.com\/eu\/konpromezu-soziala\/\",\"name\":\"Konpromezu soziala - Inmobiliara Orio\",\"isPartOf\":{\"@id\":\"https:\/\/inmobiliariaorio.com\/eu\/#website\"},\"datePublished\":\"2023-05-29T08:17:30+00:00\",\"dateModified\":\"2023-06-26T21:35:57+00:00\",\"breadcrumb\":{\"@id\":\"https:\/\/inmobiliariaorio.com\/eu\/konpromezu-soziala\/#breadcrumb\"},\"inLanguage\":\"eu-ES\",\"potentialAction\":[{\"@type\":\"ReadAction\",\"target\":[\"https:\/\/inmobiliariaorio.com\/eu\/konpromezu-soziala\/\"]}]},{\"@type\":\"BreadcrumbList\",\"@id\":\"https:\/\/inmobiliariaorio.com\/eu\/konpromezu-soziala\/#breadcrumb\",\"itemListElement\":[{\"@type\":\"ListItem\",\"position\":1,\"name\":\"Portada\",\"item\":\"https:\/\/inmobiliariaorio.com\/eu\/\"},{\"@type\":\"ListItem\",\"position\":2,\"name\":\"Konpromezu soziala\"}]},{\"@type\":\"WebSite\",\"@id\":\"https:\/\/inmobiliariaorio.com\/eu\/#website\",\"url\":\"https:\/\/inmobiliariaorio.com\/eu\/\",\"name\":\"Inmobiliara Orio\",\"description\":\"Construcci\u00f3n, Promoci\u00f3n y Gesti\u00f3n\",\"publisher\":{\"@id\":\"https:\/\/inmobiliariaorio.com\/eu\/#organization\"},\"potentialAction\":[{\"@type\":\"SearchAction\",\"target\":{\"@type\":\"EntryPoint\",\"urlTemplate\":\"https:\/\/inmobiliariaorio.com\/eu\/?s={search_term_string}\"},\"query-input\":{\"@type\":\"PropertyValueSpecification\",\"valueRequired\":true,\"valueName\":\"search_term_string\"}}],\"inLanguage\":\"eu-ES\"},{\"@type\":\"Organization\",\"@id\":\"https:\/\/inmobiliariaorio.com\/eu\/#organization\",\"name\":\"Inmobiliara Orio\",\"url\":\"https:\/\/inmobiliariaorio.com\/eu\/\",\"logo\":{\"@type\":\"ImageObject\",\"inLanguage\":\"eu-ES\",\"@id\":\"https:\/\/inmobiliariaorio.com\/eu\/#\/schema\/logo\/image\/\",\"url\":\"https:\/\/inmobiliariaorio.com\/wp-content\/uploads\/2023\/03\/IO-logo_ES_fondo-blanco.jpg\",\"contentUrl\":\"https:\/\/inmobiliariaorio.com\/wp-content\/uploads\/2023\/03\/IO-logo_ES_fondo-blanco.jpg\",\"width\":1946,\"height\":1750,\"caption\":\"Inmobiliara Orio\"},\"image\":{\"@id\":\"https:\/\/inmobiliariaorio.com\/eu\/#\/schema\/logo\/image\/\"},\"sameAs\":[\"https:\/\/www.facebook.com\/inmobiliariaOrio\/\"]}]}<\/script>\n<!-- \/ Yoast SEO plugin. -->","yoast_head_json":{"title":"Konpromezu soziala - Inmobiliara Orio","robots":{"index":"index","follow":"follow","max-snippet":"max-snippet:-1","max-image-preview":"max-image-preview:large","max-video-preview":"max-video-preview:-1"},"canonical":"https:\/\/inmobiliariaorio.com\/eu\/konpromezu-soziala\/","og_locale":"eu_ES","og_type":"article","og_title":"Konpromezu soziala - Inmobiliara Orio","og_description":"[vc_row equal_height=&#8221;yes&#8221;][vc_column][vc_row_inner gap=&#8221;30&#8243;][vc_column_inner width=&#8221;1\/2&#8243;][\/vc_column_inner][vc_column_inner width=&#8221;1\/2&#8243;][vc_column_text] Inmobiliaria Orioren historia bere gizarte-lanari lotuta dago, hainbat ekitaldiren babeslea baita Urola Kostan, bereziki Zarautzen eta Orion. [\/vc_column_text][\/vc_column_inner][\/vc_row_inner][\/vc_column][\/vc_row][vc_row][vc_column][vc_empty_space height=&#8221;50px&#8221;][\/vc_column][\/vc_row][vc_row][vc_column][vc_row_inner content_placement=&#8221;middle&#8221; gap=&#8221;30&#8243;][vc_column_inner width=&#8221;1\/2&#8243;][vc_column_text] Zarauzko futbol, eskubaloi, saskibaloi eta igeri taldeen laguntzaileak izan gara, Oroiko futbolarenak ere bai eta Zumaiko eskubaloiarenak. Zarauzko Jazza bezalako kultura-ekitaldien babesleak izan gara eta Zarauzko auzoetako jaietako&hellip;","og_url":"https:\/\/inmobiliariaorio.com\/eu\/konpromezu-soziala\/","og_site_name":"Inmobiliara Orio","article_publisher":"https:\/\/www.facebook.com\/inmobiliariaOrio\/","article_modified_time":"2023-06-26T21:35:57+00:00","twitter_card":"summary_large_image","twitter_misc":{"Est. reading time":"2 minutes"},"schema":{"@context":"https:\/\/schema.org","@graph":[{"@type":"WebPage","@id":"https:\/\/inmobiliariaorio.com\/eu\/konpromezu-soziala\/","url":"https:\/\/inmobiliariaorio.com\/eu\/konpromezu-soziala\/","name":"Konpromezu soziala - Inmobiliara Orio","isPartOf":{"@id":"https:\/\/inmobiliariaorio.com\/eu\/#website"},"datePublished":"2023-05-29T08:17:30+00:00","dateModified":"2023-06-26T21:35:57+00:00","breadcrumb":{"@id":"https:\/\/inmobiliariaorio.com\/eu\/konpromezu-soziala\/#breadcrumb"},"inLanguage":"eu-ES","potentialAction":[{"@type":"ReadAction","target":["https:\/\/inmobiliariaorio.com\/eu\/konpromezu-soziala\/"]}]},{"@type":"BreadcrumbList","@id":"https:\/\/inmobiliariaorio.com\/eu\/konpromezu-soziala\/#breadcrumb","itemListElement":[{"@type":"ListItem","position":1,"name":"Portada","item":"https:\/\/inmobiliariaorio.com\/eu\/"},{"@type":"ListItem","position":2,"name":"Konpromezu soziala"}]},{"@type":"WebSite","@id":"https:\/\/inmobiliariaorio.com\/eu\/#website","url":"https:\/\/inmobiliariaorio.com\/eu\/","name":"Inmobiliara Orio","description":"Construcci\u00f3n, Promoci\u00f3n y Gesti\u00f3n","publisher":{"@id":"https:\/\/inmobiliariaorio.com\/eu\/#organization"},"potentialAction":[{"@type":"SearchAction","target":{"@type":"EntryPoint","urlTemplate":"https:\/\/inmobiliariaorio.com\/eu\/?s={search_term_string}"},"query-input":{"@type":"PropertyValueSpecification","valueRequired":true,"valueName":"search_term_string"}}],"inLanguage":"eu-ES"},{"@type":"Organization","@id":"https:\/\/inmobiliariaorio.com\/eu\/#organization","name":"Inmobiliara Orio","url":"https:\/\/inmobiliariaorio.com\/eu\/","logo":{"@type":"ImageObject","inLanguage":"eu-ES","@id":"https:\/\/inmobiliariaorio.com\/eu\/#\/schema\/logo\/image\/","url":"https:\/\/inmobiliariaorio.com\/wp-content\/uploads\/2023\/03\/IO-logo_ES_fondo-blanco.jpg","contentUrl":"https:\/\/inmobiliariaorio.com\/wp-content\/uploads\/2023\/03\/IO-logo_ES_fondo-blanco.jpg","width":1946,"height":1750,"caption":"Inmobiliara Orio"},"image":{"@id":"https:\/\/inmobiliariaorio.com\/eu\/#\/schema\/logo\/image\/"},"sameAs":["https:\/\/www.facebook.com\/inmobiliariaOrio\/"]}]}},"_links":{"self":[{"href":"https:\/\/inmobiliariaorio.com\/eu\/wp-json\/wp\/v2\/pages\/87251","targetHints":{"allow":["GET"]}}],"collection":[{"href":"https:\/\/inmobiliariaorio.com\/eu\/wp-json\/wp\/v2\/pages"}],"about":[{"href":"https:\/\/inmobiliariaorio.com\/eu\/wp-json\/wp\/v2\/types\/page"}],"author":[{"embeddable":true,"href":"https:\/\/inmobiliariaorio.com\/eu\/wp-json\/wp\/v2\/users\/2"}],"replies":[{"embeddable":true,"href":"https:\/\/inmobiliariaorio.com\/eu\/wp-json\/wp\/v2\/comments?post=87251"}],"version-history":[{"count":3,"href":"https:\/\/inmobiliariaorio.com\/eu\/wp-json\/wp\/v2\/pages\/87251\/revisions"}],"predecessor-version":[{"id":87254,"href":"https:\/\/inmobiliariaorio.com\/eu\/wp-json\/wp\/v2\/pages\/87251\/revisions\/87254"}],"wp:attachment":[{"href":"https:\/\/inmobiliariaorio.com\/eu\/wp-json\/wp\/v2\/media?parent=87251"}],"curies":[{"name":"wp","href":"https:\/\/api.w.org\/{rel}","templated":true}]}}