{"id":87263,"date":"2016-02-07T10:05:39","date_gmt":"2016-02-07T10:05:39","guid":{"rendered":"https:\/\/inmobiliariaorio.com\/contacto\/"},"modified":"2023-06-26T23:52:13","modified_gmt":"2023-06-26T21:52:13","slug":"contacto","status":"publish","type":"page","link":"https:\/\/inmobiliariaorio.com\/eu\/contacto\/","title":{"rendered":"Harremanetarako"},"content":{"rendered":"<div class=\"wpb-content-wrapper\"><p>[vc_row equal_height=&#8221;yes&#8221; bg_type=&#8221;bg_color&#8221; type=&#8221;vc_default&#8221; margin_top=&#8221;75&#8243; margin_bottom=&#8221;-20&#8243; css=&#8221;.vc_custom_1685351313594{padding-top: 70px !important;padding-bottom: 70px !important;background-color: #ffffff !important;}&#8221; bg_color_value=&#8221;#ffffff&#8221;][vc_column width=&#8221;2\/3&#8243; css=&#8221;.vc_custom_1685369710700{padding-bottom: 40px !important;}&#8221; offset=&#8221;vc_col-lg-offset-2 vc_col-md-offset-0 vc_col-sm-offset-0&#8243;]<div id=\"ultimate-heading-737769f4b9f663262\" class=\"uvc-heading ult-adjust-bottom-margin ultimate-heading-737769f4b9f663262 uvc-6826 \" data-hspacer=\"no_spacer\"  data-halign=\"left\" style=\"text-align:left\"><div class=\"uvc-heading-spacer no_spacer\" style=\"top\"><\/div><div class=\"uvc-main-heading ult-responsive\"  data-ultimate-target='.uvc-heading.ultimate-heading-737769f4b9f663262 h2'  data-responsive-json-new='{\"font-size\":\"desktop:34px;\",\"line-height\":\"desktop:44px;\"}' ><h2 style=\"font-weight:bold;margin-bottom:25px;\">Zalantzarik edo kontsultarik baduzu?<\/h2><\/div><\/div><div class=\"wpforms-container wpforms-container-full wpforms-render-modern\" id=\"wpforms-87025\"><form id=\"wpforms-form-87025\" class=\"wpforms-validate wpforms-form wpforms-ajax-form\" data-formid=\"87025\" method=\"post\" enctype=\"multipart\/form-data\" action=\"\/eu\/wp-json\/wp\/v2\/pages\/87263\" data-token=\"c985891bf78d90fac765952ab590bde1\"><noscript class=\"wpforms-error-noscript\">Please enable JavaScript in your browser to complete this form.<\/noscript><div class=\"wpforms-hidden\" id=\"wpforms-error-noscript\">Please enable JavaScript in your browser to complete this form.<\/div><div class=\"wpforms-field-container\"><div id=\"wpforms-87025-field_2-container\" class=\"wpforms-field wpforms-field-name\" data-field-id=\"2\"><fieldset><legend class=\"wpforms-field-label wpforms-label-hide\" aria-hidden=\"false\">Name <span class=\"wpforms-required-label\" aria-hidden=\"true\">*<\/span><\/legend><div class=\"wpforms-field-row wpforms-field-large\"><div class=\"wpforms-field-row-block wpforms-first wpforms-one-half\"><input type=\"text\" id=\"wpforms-87025-field_2\" class=\"wpforms-field-name-first wpforms-field-required\" name=\"wpforms[fields][2][first]\" placeholder=\"Nombre\" aria-errormessage=\"wpforms-87025-field_2-error\" required><label for=\"wpforms-87025-field_2\" class=\"wpforms-field-sublabel after wpforms-sublabel-hide\">First<\/label><\/div><div class=\"wpforms-field-row-block wpforms-one-half\"><input type=\"text\" id=\"wpforms-87025-field_2-last\" class=\"wpforms-field-name-last wpforms-field-required\" name=\"wpforms[fields][2][last]\" placeholder=\"Apellidos\" aria-errormessage=\"wpforms-87025-field_2-last-error\" required><label for=\"wpforms-87025-field_2-last\" class=\"wpforms-field-sublabel after wpforms-sublabel-hide\">Last<\/label><\/div><\/div><\/fieldset><\/div><div id=\"wpforms-87025-field_5-container\" class=\"wpforms-field wpforms-field-email\" data-field-id=\"5\"><label class=\"wpforms-field-label wpforms-label-hide\" for=\"wpforms-87025-field_5\" aria-hidden=\"false\">Email <span class=\"wpforms-required-label\" aria-hidden=\"true\">*<\/span><\/label><input type=\"email\" id=\"wpforms-87025-field_5\" class=\"wpforms-field-large wpforms-field-required\" name=\"wpforms[fields][5]\" placeholder=\"Email\" spellcheck=\"false\" aria-errormessage=\"wpforms-87025-field_5-error\" required><\/div><div id=\"wpforms-87025-field_6-container\" class=\"wpforms-field wpforms-field-phone\" data-field-id=\"6\"><label class=\"wpforms-field-label wpforms-label-hide\" for=\"wpforms-87025-field_6\" aria-hidden=\"false\">Phone <span class=\"wpforms-required-label\" aria-hidden=\"true\">*<\/span><\/label><input type=\"tel\" id=\"wpforms-87025-field_6\" class=\"wpforms-field-large wpforms-field-required wpforms-smart-phone-field\" data-rule-smart-phone-field=\"true\" name=\"wpforms[fields][6]\" placeholder=\"Tel\u00e9fono de contacto\" aria-errormessage=\"wpforms-87025-field_6-error\" required><\/div><div id=\"wpforms-87025-field_1-container\" class=\"wpforms-field wpforms-field-text\" data-field-id=\"1\"><label class=\"wpforms-field-label wpforms-label-hide\" for=\"wpforms-87025-field_1\" aria-hidden=\"false\">Empresa<\/label><input type=\"text\" id=\"wpforms-87025-field_1\" class=\"wpforms-field-large\" name=\"wpforms[fields][1]\" placeholder=\"Empresa\" aria-errormessage=\"wpforms-87025-field_1-error\" ><\/div><div id=\"wpforms-87025-field_3-container\" class=\"wpforms-field wpforms-field-textarea\" data-field-id=\"3\"><label class=\"wpforms-field-label wpforms-label-hide\" for=\"wpforms-87025-field_3\" aria-hidden=\"false\">Request<\/label><textarea id=\"wpforms-87025-field_3\" class=\"wpforms-field-large\" name=\"wpforms[fields][3]\" placeholder=\"Comentario o consulta\" aria-errormessage=\"wpforms-87025-field_3-error\" ><\/textarea><\/div><\/div><!-- .wpforms-field-container --><div class=\"wpforms-recaptcha-container wpforms-is-recaptcha\" ><div class=\"g-recaptcha\" data-sitekey=\"6LctXWwmAAAAAD0qhkQCVzdcHQrWCjIfxQVg6Bcf\" data-size=\"invisible\"><\/div><\/div><div class=\"wpforms-submit-container\" ><input type=\"hidden\" name=\"wpforms[id]\" value=\"87025\"><input type=\"hidden\" name=\"wpforms[author]\" value=\"2\"><button type=\"submit\" name=\"wpforms[submit]\" id=\"wpforms-submit-87025\" class=\"wpforms-submit\" data-alt-text=\"Enviando\" data-submit-text=\"Enviar\" aria-live=\"assertive\" value=\"wpforms-submit\">Enviar<\/button><img loading=\"lazy\" decoding=\"async\" src=\"https:\/\/inmobiliariaorio.com\/wp-content\/plugins\/wpforms\/assets\/images\/submit-spin.svg\" class=\"wpforms-submit-spinner\" style=\"display: none;\" width=\"26\" height=\"26\" alt=\"Loading\"><\/div><\/form><\/div>  <!-- .wpforms-container -->[\/vc_column][\/vc_row][vc_row full_width=&#8221;stretch_row_content_no_spaces&#8221; css=&#8221;.vc_custom_1685351894675{margin-bottom: 0px !important;padding-bottom: 0px !important;}&#8221;][vc_column css=&#8221;.vc_custom_1685351912834{margin-bottom: 0px !important;padding-bottom: 0px !important;}&#8221;][vc_raw_html css=&#8221;.vc_custom_1685351933863{margin-bottom: 0px !important;padding-bottom: 0px !important;}&#8221;]PGlmcmFtZSBzcmM9Imh0dHBzOi8vd3d3Lmdvb2dsZS5jb20vbWFwcy9lbWJlZD9wYj0hMW0xOCExbTEyITFtMyExZDI5MDQuMzMxMDI1MDk5OTU3NSEyZC0yLjE3MzcxNTEyMzQzMDQwNjQhM2Q0My4yODYzODg5NzYwNzcyNSEybTMhMWYwITJmMCEzZjAhM20yITFpMTAyNCEyaTc2OCE0ZjEzLjEhM20zITFtMiExczB4ZDUxYzg0M2JiZGRmNjc5JTNBMHg1Mjc5YzBiZDMzYmEzYjQ1ITJzTmFmYXJyb2ElMjBLYWxlYSUyQyUyMDEzJTJDJTIwMjA4MDAlMjBaYXJhdXR6JTJDJTIwR2lwdXprb2EhNWUwITNtMiExc2VzITJzZXMhNHYxNjg1MzUxODE4NjcwITVtMiExc2VzITJzZXMiIHdpZHRoPSIxMDAlIiBoZWlnaHQ9IjQ1MCIgc3R5bGU9ImJvcmRlcjowOyIgYWxsb3dmdWxsc2NyZWVuPSIiIGxvYWRpbmc9ImxhenkiIHJlZmVycmVycG9saWN5PSJuby1yZWZlcnJlci13aGVuLWRvd25ncmFkZSI+PC9pZnJhbWU+[\/vc_raw_html][\/vc_column][\/vc_row]<\/p>\n<\/div>","protected":false},"excerpt":{"rendered":"<p>[vc_row equal_height=&#8221;yes&#8221; bg_type=&#8221;bg_color&#8221; type=&#8221;vc_default&#8221; margin_top=&#8221;75&#8243; margin_bottom=&#8221;-20&#8243; css=&#8221;.vc_custom_1685351313594{padding-top: 70px !important;padding-bottom: 70px !important;background-color: #ffffff !important;}&#8221; bg_color_value=&#8221;#ffffff&#8221;][vc_column width=&#8221;2\/3&#8243; css=&#8221;.vc_custom_1685369710700{padding-bottom: 40px !important;}&#8221; offset=&#8221;vc_col-lg-offset-2 vc_col-md-offset-0 vc_col-sm-offset-0&#8243;][\/vc_column][\/vc_row][vc_row full_width=&#8221;stretch_row_content_no_spaces&#8221; css=&#8221;.vc_custom_1685351894675{margin-bottom: 0px !important;padding-bottom: 0px !important;}&#8221;][vc_column css=&#8221;.vc_custom_1685351912834{margin-bottom: 0px !important;padding-bottom: 0px !important;}&#8221;][vc_raw_html css=&#8221;.vc_custom_1685351933863{margin-bottom: 0px !important;padding-bottom: 0px !important;}&#8221;]PGlmcmFtZSBzcmM9Imh0dHBzOi8vd3d3Lmdvb2dsZS5jb20vbWFwcy9lbWJlZD9wYj0hMW0xOCExbTEyITFtMyExZDI5MDQuMzMxMDI1MDk5OTU3NSEyZC0yLjE3MzcxNTEyMzQzMDQwNjQhM2Q0My4yODYzODg5NzYwNzcyNSEybTMhMWYwITJmMCEzZjAhM20yITFpMTAyNCEyaTc2OCE0ZjEzLjEhM20zITFtMiExczB4ZDUxYzg0M2JiZGRmNjc5JTNBMHg1Mjc5YzBiZDMzYmEzYjQ1ITJzTmFmYXJyb2ElMjBLYWxlYSUyQyUyMDEzJTJDJTIwMjA4MDAlMjBaYXJhdXR6JTJDJTIwR2lwdXprb2EhNWUwITNtMiExc2VzITJzZXMhNHYxNjg1MzUxODE4NjcwITVtMiExc2VzITJzZXMiIHdpZHRoPSIxMDAlIiBoZWlnaHQ9IjQ1MCIgc3R5bGU9ImJvcmRlcjowOyIgYWxsb3dmdWxsc2NyZWVuPSIiIGxvYWRpbmc9ImxhenkiIHJlZmVycmVycG9saWN5PSJuby1yZWZlcnJlci13aGVuLWRvd25ncmFkZSI+PC9pZnJhbWU+[\/vc_raw_html][\/vc_column][\/vc_row]<\/p>\n","protected":false},"author":2,"featured_media":0,"parent":0,"menu_order":50,"comment_status":"closed","ping_status":"closed","template":"","meta":{"_monsterinsights_skip_tracking":false,"_monsterinsights_sitenote_active":false,"_monsterinsights_sitenote_note":"","_monsterinsights_sitenote_category":0,"footnotes":""},"class_list":["post-87263","page","type-page","status-publish","hentry","description-off"],"yoast_head":"<!-- This site is optimized with the Yoast SEO plugin v26.1.1 - https:\/\/yoast.com\/wordpress\/plugins\/seo\/ -->\n<title>Harremanetarako - Inmobiliara Orio<\/title>\n<meta name=\"robots\" content=\"index, follow, max-snippet:-1, max-image-preview:large, max-video-preview:-1\" \/>\n<link rel=\"canonical\" href=\"https:\/\/inmobiliariaorio.com\/eu\/contacto\/\" \/>\n<meta property=\"og:locale\" content=\"eu_ES\" \/>\n<meta property=\"og:type\" content=\"article\" \/>\n<meta property=\"og:title\" content=\"Harremanetarako - Inmobiliara Orio\" \/>\n<meta property=\"og:description\" content=\"[vc_row equal_height=&#8221;yes&#8221; bg_type=&#8221;bg_color&#8221; type=&#8221;vc_default&#8221; margin_top=&#8221;75&#8243; margin_bottom=&#8221;-20&#8243; css=&#8221;.vc_custom_1685351313594{padding-top: 70px !important;padding-bottom: 70px !important;background-color: #ffffff !important;}&#8221; bg_color_value=&#8221;#ffffff&#8221;][vc_column width=&#8221;2\/3&#8243; css=&#8221;.vc_custom_1685369710700{padding-bottom: 40px !important;}&#8221; offset=&#8221;vc_col-lg-offset-2 vc_col-md-offset-0 vc_col-sm-offset-0&#8243;][\/vc_column][\/vc_row][vc_row full_width=&#8221;stretch_row_content_no_spaces&#8221; css=&#8221;.vc_custom_1685351894675{margin-bottom: 0px !important;padding-bottom: 0px !important;}&#8221;][vc_column css=&#8221;.vc_custom_1685351912834{margin-bottom: 0px !important;padding-bottom: 0px !important;}&#8221;][vc_raw_html css=&#8221;.vc_custom_1685351933863{margin-bottom: 0px !important;padding-bottom: 0px !important;}&#8221;]PGlmcmFtZSBzcmM9Imh0dHBzOi8vd3d3Lmdvb2dsZS5jb20vbWFwcy9lbWJlZD9wYj0hMW0xOCExbTEyITFtMyExZDI5MDQuMzMxMDI1MDk5OTU3NSEyZC0yLjE3MzcxNTEyMzQzMDQwNjQhM2Q0My4yODYzODg5NzYwNzcyNSEybTMhMWYwITJmMCEzZjAhM20yITFpMTAyNCEyaTc2OCE0ZjEzLjEhM20zITFtMiExczB4ZDUxYzg0M2JiZGRmNjc5JTNBMHg1Mjc5YzBiZDMzYmEzYjQ1ITJzTmFmYXJyb2ElMjBLYWxlYSUyQyUyMDEzJTJDJTIwMjA4MDAlMjBaYXJhdXR6JTJDJTIwR2lwdXprb2EhNWUwITNtMiExc2VzITJzZXMhNHYxNjg1MzUxODE4NjcwITVtMiExc2VzITJzZXMiIHdpZHRoPSIxMDAlIiBoZWlnaHQ9IjQ1MCIgc3R5bGU9ImJvcmRlcjowOyIgYWxsb3dmdWxsc2NyZWVuPSIiIGxvYWRpbmc9ImxhenkiIHJlZmVycmVycG9saWN5PSJuby1yZWZlcnJlci13aGVuLWRvd25ncmFkZSI+PC9pZnJhbWU+[\/vc_raw_html][\/vc_column][\/vc_row]\" \/>\n<meta property=\"og:url\" content=\"https:\/\/inmobiliariaorio.com\/eu\/contacto\/\" \/>\n<meta property=\"og:site_name\" content=\"Inmobiliara Orio\" \/>\n<meta property=\"article:publisher\" content=\"https:\/\/www.facebook.com\/inmobiliariaOrio\/\" \/>\n<meta property=\"article:modified_time\" content=\"2023-06-26T21:52:13+00:00\" \/>\n<meta name=\"twitter:card\" content=\"summary_large_image\" \/>\n<meta name=\"twitter:label1\" content=\"Est. reading time\" \/>\n\t<meta name=\"twitter:data1\" content=\"1 minute\" \/>\n<script type=\"application\/ld+json\" class=\"yoast-schema-graph\">{\"@context\":\"https:\/\/schema.org\",\"@graph\":[{\"@type\":\"WebPage\",\"@id\":\"https:\/\/inmobiliariaorio.com\/eu\/contacto\/\",\"url\":\"https:\/\/inmobiliariaorio.com\/eu\/contacto\/\",\"name\":\"Harremanetarako - Inmobiliara Orio\",\"isPartOf\":{\"@id\":\"https:\/\/inmobiliariaorio.com\/eu\/#website\"},\"datePublished\":\"2016-02-07T10:05:39+00:00\",\"dateModified\":\"2023-06-26T21:52:13+00:00\",\"breadcrumb\":{\"@id\":\"https:\/\/inmobiliariaorio.com\/eu\/contacto\/#breadcrumb\"},\"inLanguage\":\"eu-ES\",\"potentialAction\":[{\"@type\":\"ReadAction\",\"target\":[\"https:\/\/inmobiliariaorio.com\/eu\/contacto\/\"]}]},{\"@type\":\"BreadcrumbList\",\"@id\":\"https:\/\/inmobiliariaorio.com\/eu\/contacto\/#breadcrumb\",\"itemListElement\":[{\"@type\":\"ListItem\",\"position\":1,\"name\":\"Portada\",\"item\":\"https:\/\/inmobiliariaorio.com\/eu\/\"},{\"@type\":\"ListItem\",\"position\":2,\"name\":\"Harremanetarako\"}]},{\"@type\":\"WebSite\",\"@id\":\"https:\/\/inmobiliariaorio.com\/eu\/#website\",\"url\":\"https:\/\/inmobiliariaorio.com\/eu\/\",\"name\":\"Inmobiliara Orio\",\"description\":\"Construcci\u00f3n, Promoci\u00f3n y Gesti\u00f3n\",\"publisher\":{\"@id\":\"https:\/\/inmobiliariaorio.com\/eu\/#organization\"},\"potentialAction\":[{\"@type\":\"SearchAction\",\"target\":{\"@type\":\"EntryPoint\",\"urlTemplate\":\"https:\/\/inmobiliariaorio.com\/eu\/?s={search_term_string}\"},\"query-input\":{\"@type\":\"PropertyValueSpecification\",\"valueRequired\":true,\"valueName\":\"search_term_string\"}}],\"inLanguage\":\"eu-ES\"},{\"@type\":\"Organization\",\"@id\":\"https:\/\/inmobiliariaorio.com\/eu\/#organization\",\"name\":\"Inmobiliara Orio\",\"url\":\"https:\/\/inmobiliariaorio.com\/eu\/\",\"logo\":{\"@type\":\"ImageObject\",\"inLanguage\":\"eu-ES\",\"@id\":\"https:\/\/inmobiliariaorio.com\/eu\/#\/schema\/logo\/image\/\",\"url\":\"https:\/\/inmobiliariaorio.com\/wp-content\/uploads\/2023\/03\/IO-logo_ES_fondo-blanco.jpg\",\"contentUrl\":\"https:\/\/inmobiliariaorio.com\/wp-content\/uploads\/2023\/03\/IO-logo_ES_fondo-blanco.jpg\",\"width\":1946,\"height\":1750,\"caption\":\"Inmobiliara Orio\"},\"image\":{\"@id\":\"https:\/\/inmobiliariaorio.com\/eu\/#\/schema\/logo\/image\/\"},\"sameAs\":[\"https:\/\/www.facebook.com\/inmobiliariaOrio\/\"]}]}<\/script>\n<!-- \/ Yoast SEO plugin. -->","yoast_head_json":{"title":"Harremanetarako - Inmobiliara Orio","robots":{"index":"index","follow":"follow","max-snippet":"max-snippet:-1","max-image-preview":"max-image-preview:large","max-video-preview":"max-video-preview:-1"},"canonical":"https:\/\/inmobiliariaorio.com\/eu\/contacto\/","og_locale":"eu_ES","og_type":"article","og_title":"Harremanetarako - Inmobiliara Orio","og_description":"[vc_row equal_height=&#8221;yes&#8221; bg_type=&#8221;bg_color&#8221; type=&#8221;vc_default&#8221; margin_top=&#8221;75&#8243; margin_bottom=&#8221;-20&#8243; css=&#8221;.vc_custom_1685351313594{padding-top: 70px !important;padding-bottom: 70px !important;background-color: #ffffff !important;}&#8221; bg_color_value=&#8221;#ffffff&#8221;][vc_column width=&#8221;2\/3&#8243; css=&#8221;.vc_custom_1685369710700{padding-bottom: 40px !important;}&#8221; offset=&#8221;vc_col-lg-offset-2 vc_col-md-offset-0 vc_col-sm-offset-0&#8243;][\/vc_column][\/vc_row][vc_row full_width=&#8221;stretch_row_content_no_spaces&#8221; css=&#8221;.vc_custom_1685351894675{margin-bottom: 0px !important;padding-bottom: 0px !important;}&#8221;][vc_column css=&#8221;.vc_custom_1685351912834{margin-bottom: 0px !important;padding-bottom: 0px !important;}&#8221;][vc_raw_html css=&#8221;.vc_custom_1685351933863{margin-bottom: 0px !important;padding-bottom: 0px !important;}&#8221;]PGlmcmFtZSBzcmM9Imh0dHBzOi8vd3d3Lmdvb2dsZS5jb20vbWFwcy9lbWJlZD9wYj0hMW0xOCExbTEyITFtMyExZDI5MDQuMzMxMDI1MDk5OTU3NSEyZC0yLjE3MzcxNTEyMzQzMDQwNjQhM2Q0My4yODYzODg5NzYwNzcyNSEybTMhMWYwITJmMCEzZjAhM20yITFpMTAyNCEyaTc2OCE0ZjEzLjEhM20zITFtMiExczB4ZDUxYzg0M2JiZGRmNjc5JTNBMHg1Mjc5YzBiZDMzYmEzYjQ1ITJzTmFmYXJyb2ElMjBLYWxlYSUyQyUyMDEzJTJDJTIwMjA4MDAlMjBaYXJhdXR6JTJDJTIwR2lwdXprb2EhNWUwITNtMiExc2VzITJzZXMhNHYxNjg1MzUxODE4NjcwITVtMiExc2VzITJzZXMiIHdpZHRoPSIxMDAlIiBoZWlnaHQ9IjQ1MCIgc3R5bGU9ImJvcmRlcjowOyIgYWxsb3dmdWxsc2NyZWVuPSIiIGxvYWRpbmc9ImxhenkiIHJlZmVycmVycG9saWN5PSJuby1yZWZlcnJlci13aGVuLWRvd25ncmFkZSI+PC9pZnJhbWU+[\/vc_raw_html][\/vc_column][\/vc_row]","og_url":"https:\/\/inmobiliariaorio.com\/eu\/contacto\/","og_site_name":"Inmobiliara Orio","article_publisher":"https:\/\/www.facebook.com\/inmobiliariaOrio\/","article_modified_time":"2023-06-26T21:52:13+00:00","twitter_card":"summary_large_image","twitter_misc":{"Est. reading time":"1 minute"},"schema":{"@context":"https:\/\/schema.org","@graph":[{"@type":"WebPage","@id":"https:\/\/inmobiliariaorio.com\/eu\/contacto\/","url":"https:\/\/inmobiliariaorio.com\/eu\/contacto\/","name":"Harremanetarako - Inmobiliara Orio","isPartOf":{"@id":"https:\/\/inmobiliariaorio.com\/eu\/#website"},"datePublished":"2016-02-07T10:05:39+00:00","dateModified":"2023-06-26T21:52:13+00:00","breadcrumb":{"@id":"https:\/\/inmobiliariaorio.com\/eu\/contacto\/#breadcrumb"},"inLanguage":"eu-ES","potentialAction":[{"@type":"ReadAction","target":["https:\/\/inmobiliariaorio.com\/eu\/contacto\/"]}]},{"@type":"BreadcrumbList","@id":"https:\/\/inmobiliariaorio.com\/eu\/contacto\/#breadcrumb","itemListElement":[{"@type":"ListItem","position":1,"name":"Portada","item":"https:\/\/inmobiliariaorio.com\/eu\/"},{"@type":"ListItem","position":2,"name":"Harremanetarako"}]},{"@type":"WebSite","@id":"https:\/\/inmobiliariaorio.com\/eu\/#website","url":"https:\/\/inmobiliariaorio.com\/eu\/","name":"Inmobiliara Orio","description":"Construcci\u00f3n, Promoci\u00f3n y Gesti\u00f3n","publisher":{"@id":"https:\/\/inmobiliariaorio.com\/eu\/#organization"},"potentialAction":[{"@type":"SearchAction","target":{"@type":"EntryPoint","urlTemplate":"https:\/\/inmobiliariaorio.com\/eu\/?s={search_term_string}"},"query-input":{"@type":"PropertyValueSpecification","valueRequired":true,"valueName":"search_term_string"}}],"inLanguage":"eu-ES"},{"@type":"Organization","@id":"https:\/\/inmobiliariaorio.com\/eu\/#organization","name":"Inmobiliara Orio","url":"https:\/\/inmobiliariaorio.com\/eu\/","logo":{"@type":"ImageObject","inLanguage":"eu-ES","@id":"https:\/\/inmobiliariaorio.com\/eu\/#\/schema\/logo\/image\/","url":"https:\/\/inmobiliariaorio.com\/wp-content\/uploads\/2023\/03\/IO-logo_ES_fondo-blanco.jpg","contentUrl":"https:\/\/inmobiliariaorio.com\/wp-content\/uploads\/2023\/03\/IO-logo_ES_fondo-blanco.jpg","width":1946,"height":1750,"caption":"Inmobiliara Orio"},"image":{"@id":"https:\/\/inmobiliariaorio.com\/eu\/#\/schema\/logo\/image\/"},"sameAs":["https:\/\/www.facebook.com\/inmobiliariaOrio\/"]}]}},"_links":{"self":[{"href":"https:\/\/inmobiliariaorio.com\/eu\/wp-json\/wp\/v2\/pages\/87263","targetHints":{"allow":["GET"]}}],"collection":[{"href":"https:\/\/inmobiliariaorio.com\/eu\/wp-json\/wp\/v2\/pages"}],"about":[{"href":"https:\/\/inmobiliariaorio.com\/eu\/wp-json\/wp\/v2\/types\/page"}],"author":[{"embeddable":true,"href":"https:\/\/inmobiliariaorio.com\/eu\/wp-json\/wp\/v2\/users\/2"}],"replies":[{"embeddable":true,"href":"https:\/\/inmobiliariaorio.com\/eu\/wp-json\/wp\/v2\/comments?post=87263"}],"version-history":[{"count":3,"href":"https:\/\/inmobiliariaorio.com\/eu\/wp-json\/wp\/v2\/pages\/87263\/revisions"}],"predecessor-version":[{"id":87266,"href":"https:\/\/inmobiliariaorio.com\/eu\/wp-json\/wp\/v2\/pages\/87263\/revisions\/87266"}],"wp:attachment":[{"href":"https:\/\/inmobiliariaorio.com\/eu\/wp-json\/wp\/v2\/media?parent=87263"}],"curies":[{"name":"wp","href":"https:\/\/api.w.org\/{rel}","templated":true}]}}