{"id":87295,"date":"2023-03-27T10:53:10","date_gmt":"2023-03-27T10:53:10","guid":{"rendered":"https:\/\/inmobiliariaorio.com\/politica-de-privacidad\/"},"modified":"2023-06-27T08:57:05","modified_gmt":"2023-06-27T06:57:05","slug":"politica-de-privacidad","status":"publish","type":"page","link":"https:\/\/inmobiliariaorio.com\/eu\/politica-de-privacidad\/","title":{"rendered":"Pol\u00edtica de privacidad"},"content":{"rendered":"<div class=\"wpb-content-wrapper\"><p>[vc_row][vc_column][vc_column_text]<\/p>\n&#13;\n<h3 class=\"wp-block-heading\">DATOS GENERALES<\/h3>&#13;\n<p>De acuerdo con el art\u00edculo 10 de la Ley 34\/2002, de 11 de julio, de Servicios de la Sociedad de la Informaci\u00f3n y de Comercio Electr\u00f3nico ponemos a su disposici\u00f3n los siguientes datos:<\/p>&#13;\n<p>Inmobiliaria Orio Txiki S.L. est\u00e1 domiciliada en la calle Nafarroa Kalea, 13 \u2013 20800 Zarautz, con CIF B20644423. Inscrita en el Registro Mercantil de Donostia &#8211; San Sebasti\u00e1n Inscrita en el Tomo 1725 &#8211; Libro n\u00ba 0 &#8211; Folio 45 &#8211; Hoja N\u00ba SS-14926 &#8211; Secci\u00f3n n\u00ba 8 &#8211; Inscripci\u00f3n 1\u00aa.\u00a0 En la web <a href=\"http:\/\/www.inmobiliariaorio.com\/\">http:\/\/www.inmobiliariaorio.com<\/a> hay una serie de contenidos de car\u00e1cter informativo sobre nuestros productos y servicios. El principal objetivo del website es facilitar a los clientes y al p\u00fablico en general, la informaci\u00f3n relativa a la empresa, a los productos y servicios que se ofrecen.<\/p>&#13;\n<h3>POL\u00cdTICA DE PRIVACIDAD<\/h3>&#13;\n<p>En cumplimiento de lo dispuesto en la Ley Org\u00e1nica 15\/1999, de 13 de Diciembre, de Protecci\u00f3n de Datos de Car\u00e1cter Personal (LOPD) se informa al usuario que todos los datos que nos proporcione ser\u00e1n incorporados a un fichero, creado y mantenido bajo la responsabilidad de Inmobiliaria Orio.<\/p>&#13;\n<p>Siempre se va a respetar la confidencialidad de sus datos personales que s\u00f3lo ser\u00e1n utilizados con la finalidad de gestionar los servicios ofrecidos, atender a las solicitudes que nos plantee, realizar tareas administrativas, as\u00ed como remitir informaci\u00f3n t\u00e9cnica, comercial o publicitaria por v\u00eda ordinaria o electr\u00f3nica.<\/p>&#13;\n<p>Para ejercer sus derechos de oposici\u00f3n, rectificaci\u00f3n o cancelaci\u00f3n deber\u00e1 dirigirse a la sede de la empresa Nafarroa Kalea, 13 \u2013 20800 Zarautz, escribirnos al siguiente correo orio@inmobiliaria-orio.com o ll\u00e1manos al 943 89 44 33.<\/p>&#13;\n<h3>CONDICIONES DE USO<\/h3>&#13;\n<p>Las condiciones de acceso y uso del presente sitio web se rigen por la legalidad vigente y por el principio de buena fe comprometi\u00e9ndose el usuario a realizar un buen uso de la web. No se permiten conductas que vayan contra la ley, los derechos o intereses de terceros.<\/p>&#13;\n<p>Ser usuario de la web de <a href=\"http:\/\/www.inmobiliariaorio.com\/\">http:\/\/www.inmobiliariaorio.com<\/a> implica que reconoce haber le\u00eddo y aceptado las presentes condiciones y lo que las extienda la normativa legal aplicable en esta materia. Si por el motivo que fuere no est\u00e1 de acuerdo con estas condiciones no contin\u00fae usando esta web.<\/p>&#13;\n<p>Cualquier tipo de notificaci\u00f3n y\/o reclamaci\u00f3n solamente ser\u00e1 v\u00e1lida por notificaci\u00f3n escrita y\/o correo certificado.<\/p>&#13;\n<h3>RESPONSABILIDADES<\/h3>&#13;\n<p>Inmobiliaria Orio no se hace responsable de la informaci\u00f3n y contenidos almacenados en foros, redes sociales o cualesquier otro medio que permita a terceros publicar contenidos de forma independiente en la p\u00e1gina web del prestador.<\/p>&#13;\n<p>Sin embargo, teniendo en cuenta los art. 11 y 16 de la LSSI-CE, Inmobiliaria Orio se compromete a la retirada o en su caso bloqueo de aquellos contenidos que pudieran afectar o contravenir la legislaci\u00f3n nacional o internacional, derechos de terceros o la moral y el orden p\u00fablico.<\/p>&#13;\n<p>Tampoco la empresa se responsabilizar\u00e1 de los da\u00f1os y perjuicios que se produzcan por fallos o malas configuraciones del software instalado en el ordenador del internauta. Se excluye toda responsabilidad por alguna incidencia t\u00e9cnica o fallo que se produzca cuando el usuario se conecte a internet. Igualmente no se garantiza la inexistencia de interrupciones o errores en el acceso al sitio web.<\/p>&#13;\n<p>As\u00ed mismo, Inmobiliaria Orio se reserva el derecho a actualizar, modificar o eliminar la informaci\u00f3n contenida en su p\u00e1gina web, as\u00ed como la configuraci\u00f3n o presentaci\u00f3n del mismo, en cualquier momento sin asumir alguna responsabilidad por ello.<\/p>&#13;\n<p>Le comunicamos que cualquier precio que pueda ver en nuestra web ser\u00e1 solamente orientativo. Si el usuario desea saber con exactitud el precio o si el producto en el momento actual cuenta con alguna oferta de la cual se puede beneficiar ha de acudir a alguna de las tiendas f\u00edsicas con las que cuenta Inmobiliaria Orio.<\/p>&#13;\n<h3>PROPIEDAD INTELECTUAL E INDUSTRIAL<\/h3>&#13;\n<p>Inmobiliaria Orio es titular de todos los derechos sobre el software de la publicaci\u00f3n digital as\u00ed como de los derechos de propiedad industrial e intelectual referidos a los contenidos que se incluyan, a excepci\u00f3n de los derechos sobre productos y servicios de car\u00e1cter p\u00fablico que no son propiedad de esta empresa.<\/p>&#13;\n<p>Ning\u00fan material publicado en esta web podr\u00e1 ser reproducido, copiado o publicado sin el consentimiento por escrito de Inmobiliaria Orio.<\/p>&#13;\n<p>Toda la informaci\u00f3n que se reciba en la web, como comentarios, sugerencias o ideas, se considerar\u00e1 cedida a Inmobiliaria Orio de manera gratuita. No debe enviarse informaci\u00f3n que NO pueda ser tratada de este modo.<\/p>&#13;\n<h3>LEY APLICABLE Y JURISDICCI\u00d3N<\/h3>&#13;\n<p>Las presentes condiciones generales se rigen por la legislaci\u00f3n espa\u00f1ola. Para cualquier litigio que pudiera surgir relacionado con el sitio web o la actividad que en \u00e9l se desarrolla ser\u00e1n competentes Juzgados de Donostia-San Sebasti\u00e1n, renunciando expresamente el usuario a cualquier otro fuero que pudiera corresponderle.<\/p>&#13;\n<h3>POL\u00cdTICA DE COOKIES<\/h3>&#13;\n<p>Inmobiliaria Orio por su propia cuenta o la de un tercero contratado para prestaci\u00f3n de servicios de medici\u00f3n, pueden utilizar cookies cuando el usuario navega por el sitio web. Las cookies son ficheros enviados al navegador por medio de un servicio web con la finalidad de registrar las actividades del usuario durante su tiempo de navegaci\u00f3n.<\/p>&#13;\n<p>Las cookies utilizadas se asocian \u00fanicamente con un usuario an\u00f3nimo y su ordenador, y no proporcionan por s\u00ed mismas los datos personales del usuario.<\/p>&#13;\n<p>Mediante el uso de las cookies resulta posible que el servidor donde se encuentra la web reconozca el navegador web utilizado por el usuario con la finalidad de que la navegaci\u00f3n sea m\u00e1s sencilla. Se utilizan tambi\u00e9n para medir la audiencia y par\u00e1metros del tr\u00e1fico, controlar el proceso y n\u00famero de entradas.<\/p>&#13;\n<p>El usuario tiene la posibilidad de configurar su navegador para ser avisado de la recepci\u00f3n de cookies y para impedir su instalaci\u00f3n en su equipo. Por favor consulte las instrucciones y manuales de su navegador para ampliar esta informaci\u00f3n.<\/p>&#13;\n<p>Para utilizar el sitio web no es necesario que el usuario permita la instalaci\u00f3n de las cookies enviadas al sitio web, o el tercero que act\u00fae en su nombre, sin perjuicio de que sea necesario que el usuario inicie una sesi\u00f3n tal en cada uno de los servicios cuya prestaci\u00f3n requiera el previo registro.<\/p>&#13;\n<p>En todo caso las cookies tienen un car\u00e1cter temporal con la \u00fanica finalidad de hacer m\u00e1s eficaz su transmisi\u00f3n ulterior. En ning\u00fan caso se utilizar\u00e1 cookies para recoger informaci\u00f3n de car\u00e1cter personal.<\/p>&#13;\n<p>[\/vc_column_text][\/vc_column][\/vc_row]<\/p><\/div>","protected":false},"excerpt":{"rendered":"<p>[vc_row][vc_column][vc_column_text] &#13; DATOS GENERALES &#13; De acuerdo con el art\u00edculo 10 de la Ley 34\/2002, de 11 de julio, de Servicios de la Sociedad de la Informaci\u00f3n y de Comercio Electr\u00f3nico ponemos a su disposici\u00f3n los siguientes datos: &#13; Inmobiliaria Orio Txiki S.L. est\u00e1 domiciliada en la calle Nafarroa Kalea, 13 \u2013 20800 Zarautz, con&hellip;<\/p>\n","protected":false},"author":1,"featured_media":0,"parent":0,"menu_order":0,"comment_status":"closed","ping_status":"open","template":"","meta":{"_monsterinsights_skip_tracking":false,"_monsterinsights_sitenote_active":false,"_monsterinsights_sitenote_note":"","_monsterinsights_sitenote_category":0,"footnotes":""},"class_list":["post-87295","page","type-page","status-publish","hentry","description-off"],"yoast_head":"<!-- This site is optimized with the Yoast SEO plugin v26.1.1 - https:\/\/yoast.com\/wordpress\/plugins\/seo\/ -->\n<title>Pol\u00edtica de privacidad - Inmobiliara Orio<\/title>\n<meta name=\"robots\" content=\"index, follow, max-snippet:-1, max-image-preview:large, max-video-preview:-1\" \/>\n<link rel=\"canonical\" href=\"https:\/\/inmobiliariaorio.com\/eu\/politica-de-privacidad\/\" \/>\n<meta property=\"og:locale\" content=\"eu_ES\" \/>\n<meta property=\"og:type\" content=\"article\" \/>\n<meta property=\"og:title\" content=\"Pol\u00edtica de privacidad - Inmobiliara Orio\" \/>\n<meta property=\"og:description\" content=\"[vc_row][vc_column][vc_column_text] &#013; DATOS GENERALES &#013; De acuerdo con el art\u00edculo 10 de la Ley 34\/2002, de 11 de julio, de Servicios de la Sociedad de la Informaci\u00f3n y de Comercio Electr\u00f3nico ponemos a su disposici\u00f3n los siguientes datos: &#013; Inmobiliaria Orio Txiki S.L. est\u00e1 domiciliada en la calle Nafarroa Kalea, 13 \u2013 20800 Zarautz, con&hellip;\" \/>\n<meta property=\"og:url\" content=\"https:\/\/inmobiliariaorio.com\/eu\/politica-de-privacidad\/\" \/>\n<meta property=\"og:site_name\" content=\"Inmobiliara Orio\" \/>\n<meta property=\"article:publisher\" content=\"https:\/\/www.facebook.com\/inmobiliariaOrio\/\" \/>\n<meta property=\"article:modified_time\" content=\"2023-06-27T06:57:05+00:00\" \/>\n<meta name=\"twitter:card\" content=\"summary_large_image\" \/>\n<meta name=\"twitter:label1\" content=\"Est. reading time\" \/>\n\t<meta name=\"twitter:data1\" content=\"5 minutes\" \/>\n<script type=\"application\/ld+json\" class=\"yoast-schema-graph\">{\"@context\":\"https:\/\/schema.org\",\"@graph\":[{\"@type\":\"WebPage\",\"@id\":\"https:\/\/inmobiliariaorio.com\/eu\/politica-de-privacidad\/\",\"url\":\"https:\/\/inmobiliariaorio.com\/eu\/politica-de-privacidad\/\",\"name\":\"Pol\u00edtica de privacidad - Inmobiliara Orio\",\"isPartOf\":{\"@id\":\"https:\/\/inmobiliariaorio.com\/eu\/#website\"},\"datePublished\":\"2023-03-27T10:53:10+00:00\",\"dateModified\":\"2023-06-27T06:57:05+00:00\",\"breadcrumb\":{\"@id\":\"https:\/\/inmobiliariaorio.com\/eu\/politica-de-privacidad\/#breadcrumb\"},\"inLanguage\":\"eu-ES\",\"potentialAction\":[{\"@type\":\"ReadAction\",\"target\":[\"https:\/\/inmobiliariaorio.com\/eu\/politica-de-privacidad\/\"]}]},{\"@type\":\"BreadcrumbList\",\"@id\":\"https:\/\/inmobiliariaorio.com\/eu\/politica-de-privacidad\/#breadcrumb\",\"itemListElement\":[{\"@type\":\"ListItem\",\"position\":1,\"name\":\"Portada\",\"item\":\"https:\/\/inmobiliariaorio.com\/eu\/\"},{\"@type\":\"ListItem\",\"position\":2,\"name\":\"Pol\u00edtica de privacidad\"}]},{\"@type\":\"WebSite\",\"@id\":\"https:\/\/inmobiliariaorio.com\/eu\/#website\",\"url\":\"https:\/\/inmobiliariaorio.com\/eu\/\",\"name\":\"Inmobiliara Orio\",\"description\":\"Construcci\u00f3n, Promoci\u00f3n y Gesti\u00f3n\",\"publisher\":{\"@id\":\"https:\/\/inmobiliariaorio.com\/eu\/#organization\"},\"potentialAction\":[{\"@type\":\"SearchAction\",\"target\":{\"@type\":\"EntryPoint\",\"urlTemplate\":\"https:\/\/inmobiliariaorio.com\/eu\/?s={search_term_string}\"},\"query-input\":{\"@type\":\"PropertyValueSpecification\",\"valueRequired\":true,\"valueName\":\"search_term_string\"}}],\"inLanguage\":\"eu-ES\"},{\"@type\":\"Organization\",\"@id\":\"https:\/\/inmobiliariaorio.com\/eu\/#organization\",\"name\":\"Inmobiliara Orio\",\"url\":\"https:\/\/inmobiliariaorio.com\/eu\/\",\"logo\":{\"@type\":\"ImageObject\",\"inLanguage\":\"eu-ES\",\"@id\":\"https:\/\/inmobiliariaorio.com\/eu\/#\/schema\/logo\/image\/\",\"url\":\"https:\/\/inmobiliariaorio.com\/wp-content\/uploads\/2023\/03\/IO-logo_ES_fondo-blanco.jpg\",\"contentUrl\":\"https:\/\/inmobiliariaorio.com\/wp-content\/uploads\/2023\/03\/IO-logo_ES_fondo-blanco.jpg\",\"width\":1946,\"height\":1750,\"caption\":\"Inmobiliara Orio\"},\"image\":{\"@id\":\"https:\/\/inmobiliariaorio.com\/eu\/#\/schema\/logo\/image\/\"},\"sameAs\":[\"https:\/\/www.facebook.com\/inmobiliariaOrio\/\"]}]}<\/script>\n<!-- \/ Yoast SEO plugin. -->","yoast_head_json":{"title":"Pol\u00edtica de privacidad - Inmobiliara Orio","robots":{"index":"index","follow":"follow","max-snippet":"max-snippet:-1","max-image-preview":"max-image-preview:large","max-video-preview":"max-video-preview:-1"},"canonical":"https:\/\/inmobiliariaorio.com\/eu\/politica-de-privacidad\/","og_locale":"eu_ES","og_type":"article","og_title":"Pol\u00edtica de privacidad - Inmobiliara Orio","og_description":"[vc_row][vc_column][vc_column_text] &#13; DATOS GENERALES &#13; De acuerdo con el art\u00edculo 10 de la Ley 34\/2002, de 11 de julio, de Servicios de la Sociedad de la Informaci\u00f3n y de Comercio Electr\u00f3nico ponemos a su disposici\u00f3n los siguientes datos: &#13; Inmobiliaria Orio Txiki S.L. est\u00e1 domiciliada en la calle Nafarroa Kalea, 13 \u2013 20800 Zarautz, con&hellip;","og_url":"https:\/\/inmobiliariaorio.com\/eu\/politica-de-privacidad\/","og_site_name":"Inmobiliara Orio","article_publisher":"https:\/\/www.facebook.com\/inmobiliariaOrio\/","article_modified_time":"2023-06-27T06:57:05+00:00","twitter_card":"summary_large_image","twitter_misc":{"Est. reading time":"5 minutes"},"schema":{"@context":"https:\/\/schema.org","@graph":[{"@type":"WebPage","@id":"https:\/\/inmobiliariaorio.com\/eu\/politica-de-privacidad\/","url":"https:\/\/inmobiliariaorio.com\/eu\/politica-de-privacidad\/","name":"Pol\u00edtica de privacidad - Inmobiliara Orio","isPartOf":{"@id":"https:\/\/inmobiliariaorio.com\/eu\/#website"},"datePublished":"2023-03-27T10:53:10+00:00","dateModified":"2023-06-27T06:57:05+00:00","breadcrumb":{"@id":"https:\/\/inmobiliariaorio.com\/eu\/politica-de-privacidad\/#breadcrumb"},"inLanguage":"eu-ES","potentialAction":[{"@type":"ReadAction","target":["https:\/\/inmobiliariaorio.com\/eu\/politica-de-privacidad\/"]}]},{"@type":"BreadcrumbList","@id":"https:\/\/inmobiliariaorio.com\/eu\/politica-de-privacidad\/#breadcrumb","itemListElement":[{"@type":"ListItem","position":1,"name":"Portada","item":"https:\/\/inmobiliariaorio.com\/eu\/"},{"@type":"ListItem","position":2,"name":"Pol\u00edtica de privacidad"}]},{"@type":"WebSite","@id":"https:\/\/inmobiliariaorio.com\/eu\/#website","url":"https:\/\/inmobiliariaorio.com\/eu\/","name":"Inmobiliara Orio","description":"Construcci\u00f3n, Promoci\u00f3n y Gesti\u00f3n","publisher":{"@id":"https:\/\/inmobiliariaorio.com\/eu\/#organization"},"potentialAction":[{"@type":"SearchAction","target":{"@type":"EntryPoint","urlTemplate":"https:\/\/inmobiliariaorio.com\/eu\/?s={search_term_string}"},"query-input":{"@type":"PropertyValueSpecification","valueRequired":true,"valueName":"search_term_string"}}],"inLanguage":"eu-ES"},{"@type":"Organization","@id":"https:\/\/inmobiliariaorio.com\/eu\/#organization","name":"Inmobiliara Orio","url":"https:\/\/inmobiliariaorio.com\/eu\/","logo":{"@type":"ImageObject","inLanguage":"eu-ES","@id":"https:\/\/inmobiliariaorio.com\/eu\/#\/schema\/logo\/image\/","url":"https:\/\/inmobiliariaorio.com\/wp-content\/uploads\/2023\/03\/IO-logo_ES_fondo-blanco.jpg","contentUrl":"https:\/\/inmobiliariaorio.com\/wp-content\/uploads\/2023\/03\/IO-logo_ES_fondo-blanco.jpg","width":1946,"height":1750,"caption":"Inmobiliara Orio"},"image":{"@id":"https:\/\/inmobiliariaorio.com\/eu\/#\/schema\/logo\/image\/"},"sameAs":["https:\/\/www.facebook.com\/inmobiliariaOrio\/"]}]}},"_links":{"self":[{"href":"https:\/\/inmobiliariaorio.com\/eu\/wp-json\/wp\/v2\/pages\/87295","targetHints":{"allow":["GET"]}}],"collection":[{"href":"https:\/\/inmobiliariaorio.com\/eu\/wp-json\/wp\/v2\/pages"}],"about":[{"href":"https:\/\/inmobiliariaorio.com\/eu\/wp-json\/wp\/v2\/types\/page"}],"author":[{"embeddable":true,"href":"https:\/\/inmobiliariaorio.com\/eu\/wp-json\/wp\/v2\/users\/1"}],"replies":[{"embeddable":true,"href":"https:\/\/inmobiliariaorio.com\/eu\/wp-json\/wp\/v2\/comments?post=87295"}],"version-history":[{"count":2,"href":"https:\/\/inmobiliariaorio.com\/eu\/wp-json\/wp\/v2\/pages\/87295\/revisions"}],"predecessor-version":[{"id":87297,"href":"https:\/\/inmobiliariaorio.com\/eu\/wp-json\/wp\/v2\/pages\/87295\/revisions\/87297"}],"wp:attachment":[{"href":"https:\/\/inmobiliariaorio.com\/eu\/wp-json\/wp\/v2\/media?parent=87295"}],"curies":[{"name":"wp","href":"https:\/\/api.w.org\/{rel}","templated":true}]}}